{"id":72,"date":"2018-06-26T10:22:44","date_gmt":"2018-06-26T08:22:44","guid":{"rendered":"http:\/\/www.ekom.me\/ita\/?page_id=72"},"modified":"2022-10-24T15:49:35","modified_gmt":"2022-10-24T13:49:35","slug":"gestione-rifiuti-industriali","status":"publish","type":"page","link":"https:\/\/www.ekom.me\/ita\/gestione-rifiuti-industriali\/","title":{"rendered":"Azienda"},"content":{"rendered":"<p>[et_pb_section fb_built=&#8221;1&#8243; custom_padding_last_edited=&#8221;on|phone&#8221; disabled_on=&#8221;off|on|on&#8221; admin_label=&#8221;mobile&#8221; _builder_version=&#8221;4.18.0&#8243; _module_preset=&#8221;default&#8221; background_image=&#8221;https:\/\/www.ekom.me\/ita\/wp-content\/uploads\/2021\/09\/Ekom-Industrial-Waste-Intermediation_8.jpg&#8221; parallax=&#8221;on&#8221; parallax_method=&#8221;off&#8221; custom_margin=&#8221;-103px||||false|false&#8221; custom_margin_tablet=&#8221;&#8221; custom_margin_phone=&#8221;-103px||110px||false|false&#8221; custom_margin_last_edited=&#8221;on|phone&#8221; custom_padding=&#8221;14.2%||14.2%||true|false&#8221; custom_padding_tablet=&#8221;&#8221; custom_padding_phone=&#8221;0%||0%||true|false&#8221; top_divider_color=&#8221;#95BA00&#8243; top_divider_height=&#8221;50px&#8221; top_divider_flip=&#8221;horizontal&#8221; bottom_divider_color=&#8221;#95BA00&#8243; bottom_divider_height=&#8221;70px&#8221; bottom_divider_repeat=&#8221;1x&#8221; bottom_divider_flip=&#8221;horizontal&#8221; background_last_edited=&#8221;on|phone&#8221; parallax_phone=&#8221;on&#8221; global_colors_info=&#8221;{}&#8221;][et_pb_row _builder_version=&#8221;4.16&#8243; _module_preset=&#8221;default&#8221; background_color=&#8221;rgba(0,0,0,0.46)&#8221; background_size=&#8221;initial&#8221; background_position=&#8221;top_left&#8221; background_repeat=&#8221;repeat&#8221; width=&#8221;100%&#8221; max_width=&#8221;100%&#8221; module_alignment=&#8221;center&#8221; custom_margin_tablet=&#8221;&#8221; custom_margin_phone=&#8221;0px||||false|false&#8221; custom_margin_last_edited=&#8221;on|phone&#8221; custom_padding=&#8221;||3px|||&#8221; global_colors_info=&#8221;{}&#8221;][et_pb_column type=&#8221;4_4&#8243; _builder_version=&#8221;4.16&#8243; _module_preset=&#8221;default&#8221; global_colors_info=&#8221;{}&#8221;][et_pb_text _builder_version=&#8221;4.18.0&#8243; _module_preset=&#8221;default&#8221; header_2_font=&#8221;Roboto|||on|||||&#8221; header_2_text_align=&#8221;center&#8221; header_2_text_color=&#8221;#FFFFFF&#8221; header_2_font_size=&#8221;50px&#8221; header_2_line_height=&#8221;1.2em&#8221; background_enable_color=&#8221;off&#8221; custom_margin=&#8221;100px||0px||false|false&#8221; custom_padding=&#8221;25px|20px|0px|20px|false|true&#8221; header_2_font_size_tablet=&#8221;&#8221; header_2_font_size_phone=&#8221;26px&#8221; header_2_font_size_last_edited=&#8221;on|phone&#8221; global_colors_info=&#8221;{}&#8221;]<\/p>\n<h2>CHI SIAMO<\/h2>\n<p>[\/et_pb_text][et_pb_image src=&#8221;https:\/\/www.ekom.me\/ita\/wp-content\/uploads\/2021\/09\/Ekom-Industrial-Waste-Intermediation_3-scaled.jpg&#8221; title_text=&#8221;Solution Answer Problem Solved Word Collage 3d Illustration&#8221; align=&#8221;center&#8221; _builder_version=&#8221;4.16&#8243; _module_preset=&#8221;default&#8221; global_colors_info=&#8221;{}&#8221;][\/et_pb_image][et_pb_text _builder_version=&#8221;4.18.0&#8243; _module_preset=&#8221;default&#8221; text_font=&#8221;|300|||||||&#8221; text_text_color=&#8221;#FFFFFF&#8221; text_font_size=&#8221;28px&#8221; text_line_height=&#8221;1.6em&#8221; header_text_align=&#8221;left&#8221; header_2_font=&#8221;Roboto|300||on|||||&#8221; header_2_text_align=&#8221;center&#8221; header_2_text_color=&#8221;#FFFFFF&#8221; header_2_font_size=&#8221;78px&#8221; background_enable_color=&#8221;off&#8221; text_orientation=&#8221;center&#8221; custom_margin=&#8221;||||true|false&#8221; custom_margin_tablet=&#8221;&#8221; custom_margin_phone=&#8221;0px||50px||false|false&#8221; custom_margin_last_edited=&#8221;on|phone&#8221; custom_padding=&#8221;25px|20%|25px|20%|true|true&#8221; custom_padding_tablet=&#8221;&#8221; custom_padding_phone=&#8221;0px|20px|10px|20px|false|true&#8221; custom_padding_last_edited=&#8221;on|phone&#8221; text_font_size_tablet=&#8221;&#8221; text_font_size_phone=&#8221;18px&#8221; text_font_size_last_edited=&#8221;on|phone&#8221; header_2_font_size_tablet=&#8221;&#8221; header_2_font_size_phone=&#8221;28px&#8221; header_2_font_size_last_edited=&#8221;on|phone&#8221; global_colors_info=&#8221;{}&#8221;]<\/p>\n<p>EKOM Srl \u00e8 una competente e dinamica Societ\u00e0 di intermediazione rifiuti industriali operante a 360\u00b0 nella gestione in outsourcing dei rifiuti. Con competenza e professionalit\u00e0 ci occupiamo della gestione dei rifiuti delle attivit\u00e0 produttive industriali, garantendo ai nostri clienti la tranquillit\u00e0 di un\u2019assistenza completa in tutte le fasi della gestione del ciclo dei rifiuti.<\/p>\n<p><a href=\"#comeoperiamo\"><img decoding=\"async\" loading=\"lazy\" src=\"https:\/\/www.ekom.me\/ita\/wp-content\/uploads\/2021\/10\/arrow-228-48.png\" width=\"48\" height=\"48\" alt=\"\" class=\"wp-image-377 alignnone size-full\" \/><\/a><\/p>\n<p>[\/et_pb_text][\/et_pb_column][\/et_pb_row][et_pb_row module_id=&#8221;comeoperiamo&#8221; _builder_version=&#8221;4.18.0&#8243; _module_preset=&#8221;default&#8221; background_color=&#8221;rgba(0,0,0,0.46)&#8221; background_size=&#8221;initial&#8221; background_position=&#8221;top_left&#8221; background_repeat=&#8221;repeat&#8221; width=&#8221;100%&#8221; max_width=&#8221;100%&#8221; custom_padding=&#8221;4px|||||&#8221; global_colors_info=&#8221;{}&#8221;][et_pb_column type=&#8221;4_4&#8243; _builder_version=&#8221;4.16&#8243; _module_preset=&#8221;default&#8221; global_colors_info=&#8221;{}&#8221;][et_pb_text _builder_version=&#8221;4.18.0&#8243; _module_preset=&#8221;default&#8221; header_2_font=&#8221;Roboto|||on|||||&#8221; header_2_text_align=&#8221;center&#8221; header_2_text_color=&#8221;#FFFFFF&#8221; header_2_font_size=&#8221;50px&#8221; header_2_line_height=&#8221;1.2em&#8221; background_enable_color=&#8221;off&#8221; custom_margin=&#8221;||10px||false|false&#8221; custom_padding=&#8221;25px|20px|0px|20px|false|true&#8221; hover_enabled=&#8221;0&#8243; header_2_font_size_tablet=&#8221;&#8221; header_2_font_size_phone=&#8221;26px&#8221; header_2_font_size_last_edited=&#8221;on|phone&#8221; global_colors_info=&#8221;{}&#8221; sticky_enabled=&#8221;0&#8243;]<\/p>\n<h2><span>COME OPERIAMO<\/span><\/h2>\n<p>[\/et_pb_text][et_pb_image src=&#8221;https:\/\/www.ekom.me\/ita\/wp-content\/uploads\/2021\/09\/Ekom-Industrial-Waste-Intermediation.jpg&#8221; title_text=&#8221;Ekom &#8211; Industrial Waste Intermediation&#8221; align=&#8221;center&#8221; _builder_version=&#8221;4.16&#8243; _module_preset=&#8221;default&#8221; custom_margin=&#8221;||-3px|||&#8221; global_colors_info=&#8221;{}&#8221;][\/et_pb_image][et_pb_text _builder_version=&#8221;4.18.0&#8243; _module_preset=&#8221;default&#8221; text_font=&#8221;|300|||||||&#8221; text_text_color=&#8221;#FFFFFF&#8221; text_font_size=&#8221;28px&#8221; text_line_height=&#8221;1.6em&#8221; header_text_align=&#8221;left&#8221; header_2_font=&#8221;Roboto|300||on|||||&#8221; header_2_text_align=&#8221;center&#8221; header_2_text_color=&#8221;#FFFFFF&#8221; header_2_font_size=&#8221;78px&#8221; background_enable_color=&#8221;off&#8221; text_orientation=&#8221;center&#8221; custom_margin=&#8221;||||true|false&#8221; custom_padding=&#8221;25px|20%|25px|20%|true|true&#8221; custom_padding_tablet=&#8221;&#8221; custom_padding_phone=&#8221;25px|5%|25px|5%|true|true&#8221; custom_padding_last_edited=&#8221;on|phone&#8221; hover_enabled=&#8221;0&#8243; text_font_size_tablet=&#8221;&#8221; text_font_size_phone=&#8221;18px&#8221; text_font_size_last_edited=&#8221;on|phone&#8221; header_2_font_size_tablet=&#8221;&#8221; header_2_font_size_phone=&#8221;28px&#8221; header_2_font_size_last_edited=&#8221;on|phone&#8221; global_colors_info=&#8221;{}&#8221; sticky_enabled=&#8221;0&#8243;]<\/p>\n<p>La collaudata collaborazione con alcuni tra i pi\u00f9 importanti impianti e Societ\u00e0 di trattamento rifiuti sia nazionali che internazionali ci consente di offrire ai nostri clienti le migliori soluzioni di smaltimento nel pieno rispetto della sostenibilit\u00e0 ambientale e dell\u2019economicit\u00e0 di spesa.<\/p>\n<p>PER EKOM NON ESISTONO RIFIUTI IMPOSSIBILI.<\/p>\n<p><a href=\"#ekom\"><img decoding=\"async\" loading=\"lazy\" class=\"wp-image-377 alignnone size-full\" src=\"https:\/\/www.ekom.me\/ita\/wp-content\/uploads\/2021\/10\/arrow-228-48.png\" alt=\"\" width=\"48\" height=\"48\" \/><\/a><\/p>\n<p>[\/et_pb_text][\/et_pb_column][\/et_pb_row][et_pb_row module_id=&#8221;ekom&#8221; _builder_version=&#8221;4.16&#8243; _module_preset=&#8221;default&#8221; background_color=&#8221;rgba(0,0,0,0.46)&#8221; background_size=&#8221;initial&#8221; background_position=&#8221;top_left&#8221; background_repeat=&#8221;repeat&#8221; width=&#8221;100%&#8221; max_width=&#8221;100%&#8221; custom_margin_tablet=&#8221;&#8221; custom_margin_phone=&#8221;||0px||false|false&#8221; custom_margin_last_edited=&#8221;on|phone&#8221; custom_padding=&#8221;5px||50px||false|false&#8221; global_colors_info=&#8221;{}&#8221;][et_pb_column type=&#8221;4_4&#8243; _builder_version=&#8221;4.16&#8243; _module_preset=&#8221;default&#8221; global_colors_info=&#8221;{}&#8221;][et_pb_image src=&#8221;https:\/\/www.ekom.me\/ita\/wp-content\/uploads\/2022\/09\/Logo-Ekom-Waste-expoerter.png&#8221; title_text=&#8221;Logo Ekom &#8211; Waste expoerter&#8221; align=&#8221;center&#8221; _builder_version=&#8221;4.18.0&#8243; _module_preset=&#8221;default&#8221; width=&#8221;45%&#8221; custom_margin=&#8221;||10px||false|false&#8221; global_colors_info=&#8221;{}&#8221;][\/et_pb_image][et_pb_text _builder_version=&#8221;4.18.0&#8243; _module_preset=&#8221;default&#8221; text_font=&#8221;|300|||||||&#8221; text_text_color=&#8221;#FFFFFF&#8221; text_font_size=&#8221;28px&#8221; text_line_height=&#8221;1.6em&#8221; header_text_align=&#8221;left&#8221; header_2_font=&#8221;Roboto|300||on|||||&#8221; header_2_text_align=&#8221;center&#8221; header_2_text_color=&#8221;#FFFFFF&#8221; header_2_font_size=&#8221;78px&#8221; background_enable_color=&#8221;off&#8221; text_orientation=&#8221;center&#8221; custom_margin=&#8221;||||true|false&#8221; custom_padding=&#8221;25px|20%|25px|20%|true|true&#8221; custom_padding_tablet=&#8221;&#8221; custom_padding_phone=&#8221;0px|20px|0px|20px|true|true&#8221; custom_padding_last_edited=&#8221;on|phone&#8221; text_font_size_tablet=&#8221;&#8221; text_font_size_phone=&#8221;18px&#8221; text_font_size_last_edited=&#8221;on|phone&#8221; header_2_font_size_tablet=&#8221;&#8221; header_2_font_size_phone=&#8221;28px&#8221; header_2_font_size_last_edited=&#8221;on|phone&#8221; global_colors_info=&#8221;{}&#8221;]<\/p>\n<p><span>Un\u2019Azienda moderna e consapevole della complessit\u00e0 del settore ambientale, costantemente disponibile ed attenta alle esigenze del cliente, dinamica nelle risposte ed impegnata nel monitoraggio degli aspetti formali della gestione rifiuti.<\/span><\/p>\n<p>[\/et_pb_text][et_pb_button button_url=&#8221;@ET-DC@eyJkeW5hbWljIjp0cnVlLCJjb250ZW50IjoicG9zdF9saW5rX3VybF9wYWdlIiwic2V0dGluZ3MiOnsicG9zdF9pZCI6IjIyNiJ9fQ==@&#8221; button_text=&#8221;EXPORT&#8221; button_alignment=&#8221;center&#8221; _builder_version=&#8221;4.18.0&#8243; _dynamic_attributes=&#8221;button_url&#8221; _module_preset=&#8221;default&#8221; custom_button=&#8221;on&#8221; button_text_size=&#8221;18px&#8221; button_text_color=&#8221;#FFFFFF&#8221; button_bg_color=&#8221;RGBA(0,0,0,0)&#8221; button_border_width=&#8221;3px&#8221; button_border_color=&#8221;#FFFFFF&#8221; button_border_radius=&#8221;50px&#8221; button_font=&#8221;Roboto|||on|||||&#8221; button_use_icon=&#8221;off&#8221; global_colors_info=&#8221;{}&#8221; transform_styles__hover_enabled=&#8221;on|hover&#8221; button_text_color__hover=&#8221;#FFFFFF&#8221; button_text_color__hover_enabled=&#8221;on|hover&#8221; button_bg_color__hover_enabled=&#8221;on|hover&#8221; transform_scale__hover=&#8221;110%|110%&#8221; transform_scale__hover_enabled=&#8221;on|hover&#8221; transform_translate__hover_enabled=&#8221;on|desktop&#8221; transform_rotate__hover_enabled=&#8221;on|desktop&#8221; transform_skew__hover_enabled=&#8221;on|desktop&#8221; transform_origin__hover_enabled=&#8221;on|desktop&#8221; button_bg_color__hover=&#8221;RGBA(0,0,0,0)&#8221;][\/et_pb_button][\/et_pb_column][\/et_pb_row][\/et_pb_section][et_pb_section fb_built=&#8221;1&#8243; custom_padding_last_edited=&#8221;on|phone&#8221; disabled_on=&#8221;on|off|off&#8221; _builder_version=&#8221;4.18.0&#8243; _module_preset=&#8221;default&#8221; background_image=&#8221;https:\/\/www.ekom.me\/ita\/wp-content\/uploads\/2021\/09\/Ekom-Industrial-Waste-Intermediation_8.jpg&#8221; parallax=&#8221;on&#8221; parallax_method=&#8221;off&#8221; custom_margin=&#8221;-130px||||false|false&#8221; custom_margin_tablet=&#8221;&#8221; custom_margin_phone=&#8221;0px||||false|false&#8221; custom_margin_last_edited=&#8221;on|phone&#8221; custom_padding=&#8221;14.2%||14.2%||true|false&#8221; custom_padding_tablet=&#8221;&#8221; custom_padding_phone=&#8221;0%||0%||true|false&#8221; top_divider_color=&#8221;#95BA00&#8243; top_divider_height=&#8221;50px&#8221; top_divider_flip=&#8221;horizontal&#8221; bottom_divider_color=&#8221;#95BA00&#8243; bottom_divider_height=&#8221;70px&#8221; bottom_divider_repeat=&#8221;1x&#8221; bottom_divider_flip=&#8221;horizontal&#8221; background_last_edited=&#8221;on|phone&#8221; parallax_phone=&#8221;on&#8221; global_colors_info=&#8221;{}&#8221;][et_pb_row _builder_version=&#8221;4.16&#8243; _module_preset=&#8221;default&#8221; background_color=&#8221;rgba(0,0,0,0.46)&#8221; background_size=&#8221;initial&#8221; background_position=&#8221;top_left&#8221; background_repeat=&#8221;repeat&#8221; width=&#8221;100%&#8221; max_width=&#8221;100%&#8221; module_alignment=&#8221;center&#8221; custom_margin_tablet=&#8221;&#8221; custom_margin_phone=&#8221;0px||||false|false&#8221; custom_margin_last_edited=&#8221;on|phone&#8221; global_colors_info=&#8221;{}&#8221;][et_pb_column type=&#8221;4_4&#8243; _builder_version=&#8221;4.16&#8243; _module_preset=&#8221;default&#8221; global_colors_info=&#8221;{}&#8221;][et_pb_text _builder_version=&#8221;4.18.0&#8243; _module_preset=&#8221;default&#8221; header_2_font=&#8221;Roboto|||on|||||&#8221; header_2_text_align=&#8221;center&#8221; header_2_text_color=&#8221;#FFFFFF&#8221; header_2_font_size=&#8221;50px&#8221; background_enable_color=&#8221;off&#8221; custom_margin=&#8221;35px||0px||false|false&#8221; custom_padding=&#8221;25px|20px|25px|20px|true|true&#8221; header_2_font_size_tablet=&#8221;&#8221; header_2_font_size_phone=&#8221;28px&#8221; header_2_font_size_last_edited=&#8221;on|phone&#8221; global_colors_info=&#8221;{}&#8221;]<\/p>\n<h2>CHI SIAMO<\/h2>\n<p>[\/et_pb_text][et_pb_image src=&#8221;https:\/\/www.ekom.me\/ita\/wp-content\/uploads\/2021\/09\/Ekom-Industrial-Waste-Intermediation_3-scaled.jpg&#8221; title_text=&#8221;Solution Answer Problem Solved Word Collage 3d Illustration&#8221; _builder_version=&#8221;4.16&#8243; _module_preset=&#8221;default&#8221; width=&#8221;35%&#8221; module_alignment=&#8221;center&#8221; custom_margin=&#8221;||4px|||&#8221; global_colors_info=&#8221;{}&#8221;][\/et_pb_image][et_pb_text _builder_version=&#8221;4.18.0&#8243; _module_preset=&#8221;default&#8221; text_font=&#8221;||||||||&#8221; text_text_color=&#8221;#FFFFFF&#8221; text_font_size=&#8221;26px&#8221; text_line_height=&#8221;1.6em&#8221; header_text_align=&#8221;left&#8221; header_2_font=&#8221;Roboto|300||on|||||&#8221; header_2_text_align=&#8221;center&#8221; header_2_text_color=&#8221;#FFFFFF&#8221; header_2_font_size=&#8221;78px&#8221; background_enable_color=&#8221;off&#8221; text_orientation=&#8221;center&#8221; custom_margin=&#8221;||||true|false&#8221; custom_margin_tablet=&#8221;&#8221; custom_margin_phone=&#8221;50px||50px||true|false&#8221; custom_margin_last_edited=&#8221;on|phone&#8221; custom_padding=&#8221;25px|20%|25px|20%|true|true&#8221; custom_padding_tablet=&#8221;&#8221; custom_padding_phone=&#8221;25px|5%|25px|5%|true|true&#8221; custom_padding_last_edited=&#8221;on|phone&#8221; hover_enabled=&#8221;0&#8243; text_font_size_tablet=&#8221;&#8221; text_font_size_phone=&#8221;18px&#8221; text_font_size_last_edited=&#8221;on|phone&#8221; header_2_font_size_tablet=&#8221;&#8221; header_2_font_size_phone=&#8221;28px&#8221; header_2_font_size_last_edited=&#8221;on|phone&#8221; global_colors_info=&#8221;{}&#8221; sticky_enabled=&#8221;0&#8243;]<\/p>\n<p>EKOM Srl \u00e8 una competente e dinamica Societ\u00e0 di intermediazione rifiuti industriali operante a 360\u00b0 nella gestione in outsourcing dei rifiuti. Con competenza e professionalit\u00e0 ci occupiamo della gestione dei rifiuti delle attivit\u00e0 produttive industriali, garantendo ai nostri clienti la tranquillit\u00e0 di un\u2019assistenza completa in tutte le fasi della gestione del ciclo dei rifiuti.<\/p>\n<p><a href=\"#noicomeoperiamo\"><img decoding=\"async\" loading=\"lazy\" src=\"https:\/\/www.ekom.me\/ita\/wp-content\/uploads\/2021\/10\/arrow-228-48.png\" width=\"48\" height=\"48\" alt=\"\" class=\"wp-image-377 alignnone size-full\" \/><\/a><\/p>\n<p>[\/et_pb_text][\/et_pb_column][\/et_pb_row][\/et_pb_section][et_pb_section fb_built=&#8221;1&#8243; disabled_on=&#8221;on|off|off&#8221; _builder_version=&#8221;4.18.0&#8243; _module_preset=&#8221;default&#8221; background_image=&#8221;https:\/\/www.ekom.me\/ita\/wp-content\/uploads\/2021\/09\/Ekom-Industrial-Waste-Intermediation_8.jpg&#8221; parallax=&#8221;on&#8221; parallax_method=&#8221;off&#8221; custom_padding=&#8221;14.2%||14.2%||true|false&#8221; background_last_edited=&#8221;on|phone&#8221; parallax_phone=&#8221;on&#8221; global_colors_info=&#8221;{}&#8221;][et_pb_row module_id=&#8221;noicomeoperiamo&#8221; _builder_version=&#8221;4.18.0&#8243; _module_preset=&#8221;default&#8221; background_color=&#8221;rgba(0,0,0,0.46)&#8221; background_size=&#8221;initial&#8221; background_position=&#8221;top_left&#8221; background_repeat=&#8221;repeat&#8221; width=&#8221;100%&#8221; max_width=&#8221;100%&#8221; global_colors_info=&#8221;{}&#8221;][et_pb_column type=&#8221;4_4&#8243; _builder_version=&#8221;4.16&#8243; _module_preset=&#8221;default&#8221; global_colors_info=&#8221;{}&#8221;][et_pb_text _builder_version=&#8221;4.18.0&#8243; _module_preset=&#8221;default&#8221; header_2_font=&#8221;Roboto|||on|||||&#8221; header_2_text_align=&#8221;center&#8221; header_2_text_color=&#8221;#FFFFFF&#8221; header_2_font_size=&#8221;50px&#8221; background_enable_color=&#8221;off&#8221; custom_margin=&#8221;35px||0px||false|false&#8221; custom_padding=&#8221;25px|20px|25px|20px|true|true&#8221; header_2_font_size_tablet=&#8221;&#8221; header_2_font_size_phone=&#8221;28px&#8221; header_2_font_size_last_edited=&#8221;on|phone&#8221; global_colors_info=&#8221;{}&#8221;]<\/p>\n<h2>COME OPERIAMO<\/h2>\n<p>[\/et_pb_text][et_pb_image src=&#8221;https:\/\/www.ekom.me\/ita\/wp-content\/uploads\/2021\/09\/Ekom-Industrial-Waste-Intermediation.jpg&#8221; title_text=&#8221;Ekom &#8211; Industrial Waste Intermediation&#8221; _builder_version=&#8221;4.16&#8243; _module_preset=&#8221;default&#8221; width=&#8221;35%&#8221; module_alignment=&#8221;center&#8221; custom_margin=&#8221;||-1px|||&#8221; global_colors_info=&#8221;{}&#8221;][\/et_pb_image][et_pb_text _builder_version=&#8221;4.18.0&#8243; _module_preset=&#8221;default&#8221; text_font=&#8221;||||||||&#8221; text_text_color=&#8221;#FFFFFF&#8221; text_font_size=&#8221;26px&#8221; text_line_height=&#8221;1.6em&#8221; header_text_align=&#8221;left&#8221; header_2_font=&#8221;Roboto|300||on|||||&#8221; header_2_text_align=&#8221;center&#8221; header_2_text_color=&#8221;#FFFFFF&#8221; header_2_font_size=&#8221;78px&#8221; background_enable_color=&#8221;off&#8221; text_orientation=&#8221;center&#8221; custom_margin=&#8221;||||true|false&#8221; custom_padding=&#8221;25px|20%|25px|20%|true|true&#8221; custom_padding_tablet=&#8221;&#8221; custom_padding_phone=&#8221;25px|5%|25px|5%|true|true&#8221; custom_padding_last_edited=&#8221;on|phone&#8221; hover_enabled=&#8221;0&#8243; text_font_size_tablet=&#8221;&#8221; text_font_size_phone=&#8221;18px&#8221; text_font_size_last_edited=&#8221;on|phone&#8221; header_2_font_size_tablet=&#8221;&#8221; header_2_font_size_phone=&#8221;28px&#8221; header_2_font_size_last_edited=&#8221;on|phone&#8221; global_colors_info=&#8221;{}&#8221; sticky_enabled=&#8221;0&#8243;]<\/p>\n<p>La collaudata collaborazione con alcuni tra i pi\u00f9 importanti impianti e Societ\u00e0 di trattamento rifiuti sia nazionali che internazionali ci consente di offrire ai nostri clienti le migliori soluzioni di smaltimento nel pieno rispetto della sostenibilit\u00e0 ambientale e dell\u2019economicit\u00e0 di spesa.<\/p>\n<p>PER EKOM NON ESISTONO RIFIUTI IMPOSSIBILI.<\/p>\n<p><a href=\"#ekom2\"><img decoding=\"async\" loading=\"lazy\" class=\"wp-image-377 alignnone size-full\" src=\"https:\/\/www.ekom.me\/ita\/wp-content\/uploads\/2021\/10\/arrow-228-48.png\" alt=\"\" width=\"48\" height=\"48\" \/><\/a><\/p>\n<p>[\/et_pb_text][\/et_pb_column][\/et_pb_row][\/et_pb_section][et_pb_section fb_built=&#8221;1&#8243; custom_padding_last_edited=&#8221;on|phone&#8221; disabled_on=&#8221;on|off|off&#8221; _builder_version=&#8221;4.18.0&#8243; _module_preset=&#8221;default&#8221; background_image=&#8221;https:\/\/www.ekom.me\/ita\/wp-content\/uploads\/2021\/09\/Ekom-Industrial-Waste-Intermediation_8.jpg&#8221; parallax=&#8221;on&#8221; parallax_method=&#8221;off&#8221; custom_margin_tablet=&#8221;&#8221; custom_margin_phone=&#8221;||0px||false|false&#8221; custom_margin_last_edited=&#8221;on|phone&#8221; custom_padding=&#8221;14.5%||28.6%||false|false&#8221; custom_padding_tablet=&#8221;&#8221; custom_padding_phone=&#8221;14.5%||65.2%||false|false&#8221; background_last_edited=&#8221;on|phone&#8221; parallax_phone=&#8221;on&#8221; global_colors_info=&#8221;{}&#8221;][et_pb_row module_id=&#8221;ekom2&#8243; _builder_version=&#8221;4.18.0&#8243; _module_preset=&#8221;default&#8221; background_color=&#8221;rgba(0,0,0,0.46)&#8221; background_size=&#8221;initial&#8221; background_position=&#8221;top_left&#8221; background_repeat=&#8221;repeat&#8221; width=&#8221;100%&#8221; max_width=&#8221;100%&#8221; custom_margin_tablet=&#8221;&#8221; custom_margin_phone=&#8221;||||false|false&#8221; custom_margin_last_edited=&#8221;on|phone&#8221; custom_padding=&#8221;35px||35px||true|false&#8221; global_colors_info=&#8221;{}&#8221;][et_pb_column type=&#8221;4_4&#8243; _builder_version=&#8221;4.16&#8243; _module_preset=&#8221;default&#8221; global_colors_info=&#8221;{}&#8221;][et_pb_image src=&#8221;https:\/\/www.ekom.me\/ita\/wp-content\/uploads\/2022\/09\/Logo-Ekom-Waste-expoerter.png&#8221; title_text=&#8221;Logo Ekom &#8211; Waste expoerter&#8221; align=&#8221;center&#8221; _builder_version=&#8221;4.18.0&#8243; _module_preset=&#8221;default&#8221; width=&#8221;18%&#8221; custom_margin=&#8221;||20px||false|false&#8221; global_colors_info=&#8221;{}&#8221;][\/et_pb_image][et_pb_text _builder_version=&#8221;4.18.0&#8243; _module_preset=&#8221;default&#8221; text_font=&#8221;||||||||&#8221; text_text_color=&#8221;#FFFFFF&#8221; text_font_size=&#8221;26px&#8221; text_line_height=&#8221;1.6em&#8221; header_text_align=&#8221;left&#8221; header_2_font=&#8221;Roboto|300||on|||||&#8221; header_2_text_align=&#8221;center&#8221; header_2_text_color=&#8221;#FFFFFF&#8221; header_2_font_size=&#8221;78px&#8221; background_enable_color=&#8221;off&#8221; text_orientation=&#8221;center&#8221; custom_margin=&#8221;||10px||false|false&#8221; custom_padding=&#8221;0px|20%|25px|20%|false|true&#8221; custom_padding_tablet=&#8221;&#8221; custom_padding_phone=&#8221;25px|5%|25px|5%|true|true&#8221; custom_padding_last_edited=&#8221;on|phone&#8221; text_font_size_tablet=&#8221;&#8221; text_font_size_phone=&#8221;18px&#8221; text_font_size_last_edited=&#8221;on|phone&#8221; header_2_font_size_tablet=&#8221;&#8221; header_2_font_size_phone=&#8221;28px&#8221; header_2_font_size_last_edited=&#8221;on|phone&#8221; global_colors_info=&#8221;{}&#8221;]<\/p>\n<p><span>Un\u2019Azienda moderna e consapevole della complessit\u00e0 del settore ambientale, costantemente disponibile ed attenta alle esigenze del cliente, dinamica nelle risposte ed impegnata nel monitoraggio degli aspetti formali della gestione rifiuti.<\/span><\/p>\n<p>[\/et_pb_text][et_pb_button button_url=&#8221;@ET-DC@eyJkeW5hbWljIjp0cnVlLCJjb250ZW50IjoicG9zdF9saW5rX3VybF9wYWdlIiwic2V0dGluZ3MiOnsicG9zdF9pZCI6IjIyNiJ9fQ==@&#8221; button_text=&#8221;Export&#8221; button_alignment=&#8221;center&#8221; _builder_version=&#8221;4.18.0&#8243; _dynamic_attributes=&#8221;button_url&#8221; _module_preset=&#8221;default&#8221; custom_button=&#8221;on&#8221; button_text_size=&#8221;18px&#8221; button_text_color=&#8221;#FFFFFF&#8221; button_bg_color=&#8221;RGBA(0,0,0,0)&#8221; button_border_width=&#8221;3px&#8221; button_border_color=&#8221;#FFFFFF&#8221; button_border_radius=&#8221;50px&#8221; button_font=&#8221;Roboto|||on|||||&#8221; button_use_icon=&#8221;off&#8221; global_colors_info=&#8221;{}&#8221; transform_styles__hover_enabled=&#8221;on|hover&#8221; button_text_color__hover=&#8221;#FFFFFF&#8221; button_text_color__hover_enabled=&#8221;on|hover&#8221; button_bg_color__hover_enabled=&#8221;on|hover&#8221; transform_scale__hover=&#8221;110%|110%&#8221; transform_scale__hover_enabled=&#8221;on|hover&#8221; transform_translate__hover_enabled=&#8221;on|desktop&#8221; transform_rotate__hover_enabled=&#8221;on|desktop&#8221; transform_skew__hover_enabled=&#8221;on|desktop&#8221; transform_origin__hover_enabled=&#8221;on|desktop&#8221; button_bg_color__hover=&#8221;RGBA(0,0,0,0)&#8221;][\/et_pb_button][\/et_pb_column][\/et_pb_row][\/et_pb_section]<\/p>\n","protected":false},"excerpt":{"rendered":"<p>CHI SIAMOEKOM Srl \u00e8 una competente e dinamica Societ\u00e0 di intermediazione rifiuti industriali operante a 360\u00b0 nella gestione in outsourcing dei rifiuti. Con competenza e professionalit\u00e0 ci occupiamo della gestione dei rifiuti delle attivit\u00e0 produttive industriali, garantendo ai nostri clienti la tranquillit\u00e0 di un\u2019assistenza completa in tutte le fasi della gestione del ciclo dei rifiuti. [&hellip;]<\/p>\n","protected":false},"author":1,"featured_media":0,"parent":0,"menu_order":0,"comment_status":"closed","ping_status":"closed","template":"","meta":{"_et_pb_use_builder":"on","_et_pb_old_content":"","_et_gb_content_width":"","footnotes":""},"_links":{"self":[{"href":"https:\/\/www.ekom.me\/ita\/wp-json\/wp\/v2\/pages\/72"}],"collection":[{"href":"https:\/\/www.ekom.me\/ita\/wp-json\/wp\/v2\/pages"}],"about":[{"href":"https:\/\/www.ekom.me\/ita\/wp-json\/wp\/v2\/types\/page"}],"author":[{"embeddable":true,"href":"https:\/\/www.ekom.me\/ita\/wp-json\/wp\/v2\/users\/1"}],"replies":[{"embeddable":true,"href":"https:\/\/www.ekom.me\/ita\/wp-json\/wp\/v2\/comments?post=72"}],"version-history":[{"count":51,"href":"https:\/\/www.ekom.me\/ita\/wp-json\/wp\/v2\/pages\/72\/revisions"}],"predecessor-version":[{"id":2871,"href":"https:\/\/www.ekom.me\/ita\/wp-json\/wp\/v2\/pages\/72\/revisions\/2871"}],"wp:attachment":[{"href":"https:\/\/www.ekom.me\/ita\/wp-json\/wp\/v2\/media?parent=72"}],"curies":[{"name":"wp","href":"https:\/\/api.w.org\/{rel}","templated":true}]}}